{"id":7474,"date":"2014-12-27T16:24:50","date_gmt":"2014-12-27T15:24:50","guid":{"rendered":"https:\/\/checkinblog.it\/es\/contatti\/"},"modified":"2020-09-04T14:33:31","modified_gmt":"2020-09-04T12:33:31","slug":"contactos","status":"publish","type":"page","link":"https:\/\/checkinblog.it\/es\/contactos\/","title":{"rendered":"Contactos, Media Kit y colaboraciones"},"content":{"rendered":"\t\t<div data-elementor-type=\"wp-page\" data-elementor-id=\"7474\" class=\"elementor elementor-7474\" data-elementor-post-type=\"page\">\n\t\t\t\t\t\t<section class=\"elementor-section elementor-top-section elementor-element elementor-element-3db5cd6b elementor-section-boxed elementor-section-height-default elementor-section-height-default\" data-id=\"3db5cd6b\" data-element_type=\"section\">\n\t\t\t\t\t\t<div class=\"elementor-container elementor-column-gap-default\">\n\t\t\t\t\t<div class=\"elementor-column elementor-col-100 elementor-top-column elementor-element elementor-element-64b4aef0\" data-id=\"64b4aef0\" data-element_type=\"column\">\n\t\t\t<div class=\"elementor-widget-wrap elementor-element-populated\">\n\t\t\t\t\t\t<div class=\"elementor-element elementor-element-455894c elementor-widget elementor-widget-text-editor\" data-id=\"455894c\" data-element_type=\"widget\" data-widget_type=\"text-editor.default\">\n\t\t\t\t<div class=\"elementor-widget-container\">\n\t\t\t\t\t\t\t\t\t<p><a href=\"https:\/\/checkinblog.it\/wp-content\/uploads\/2014\/12\/Check-in_Logoweb1.jpg\"><img fetchpriority=\"high\" decoding=\"async\" class=\"aligncenter wp-image-545 size-full\" src=\"https:\/\/checkinblog.it\/wp-content\/uploads\/2014\/12\/Check-in_Logoweb1.jpg\" alt=\"Il nuovo logo della pagina e contatti utili\" width=\"827\" height=\"279\" srcset=\"https:\/\/checkinblog.it\/wp-content\/uploads\/2014\/12\/Check-in_Logoweb1.jpg 827w, https:\/\/checkinblog.it\/wp-content\/uploads\/2014\/12\/Check-in_Logoweb1-300x101.jpg 300w\" sizes=\"(max-width: 827px) 100vw, 827px\" \/><\/a><\/p><p>Aqu\u00ed es posible <a href=\"https:\/\/checkinblog.it\/wp-content\/uploads\/2019\/12\/Check-in-Media-Kit-ESP.pdf\" target=\"_blank\" rel=\"noopener noreferrer\"><span style=\"color: #000080;\"><strong><em>descargar el Media en espa\u00f1ol<\/em><\/strong><\/span><\/a>, todas las estad\u00edsticas son actualizadas cada 6 meses.<\/p><p>Desde el 30 diciembre 2015 existe la <strong>empresa individual <\/strong>\u00ab<strong>Check-in di Stefano Bagnasco<\/strong>\u00bb registrada con\u00a0 <strong>NIF IT 02492990060<\/strong>.<\/p><p>\u00a0<\/p><p>\u00a0<\/p><h2><span style=\"color: #000080;\">Colaborar conmigo<br \/><\/span><\/h2><p>Mi objetivo es <strong>promocionar los destinos<\/strong> <strong>tur\u00edsticos<\/strong> a trav\u00e9s de las <strong>redes sociales <\/strong>y del blog. Por eso me gusta colaborar con\u00a0<strong>Oficinas de Turismo<\/strong> y con\u00a0<strong>Hoteles, Museos\u00a0<\/strong>y\u00a0<strong>Media Agency<\/strong>.<\/p><p><strong>Para contactarme<\/strong> pod\u00e9is compilar el formulario aqu\u00ed abajo si no escribirme a mis correos:<\/p><ul><li><a href=\"mailto:stefano.bagnasco@hotmail.com\" target=\"_blank\" rel=\"noopener noreferrer\"><strong>stefano.bagnasco@hotmail.com<\/strong><\/a><\/li><li><a href=\"mailto:check-inreport@hotmail.com\" target=\"_blank\" rel=\"noopener noreferrer\"><strong>check-inreport@hotmail.com<\/strong><\/a><\/li><li><strong><a href=\"mailto:info@checkinblog.it\" target=\"_blank\" rel=\"noopener noreferrer\">info@checkinblog.it<\/a><\/strong><\/li><\/ul><p>\u00a0<\/p>\t\t\t\t\t\t\t\t<\/div>\n\t\t\t\t<\/div>\n\t\t\t\t\t<\/div>\n\t\t<\/div>\n\t\t\t\t\t<\/div>\n\t\t<\/section>\n\t\t\t\t<section class=\"elementor-section elementor-top-section elementor-element elementor-element-654c8b0 elementor-section-boxed elementor-section-height-default elementor-section-height-default\" data-id=\"654c8b0\" data-element_type=\"section\">\n\t\t\t\t\t\t<div class=\"elementor-container elementor-column-gap-default\">\n\t\t\t\t\t<div class=\"elementor-column elementor-col-100 elementor-top-column elementor-element elementor-element-c54d39d\" data-id=\"c54d39d\" data-element_type=\"column\">\n\t\t\t<div class=\"elementor-widget-wrap elementor-element-populated\">\n\t\t\t\t\t\t<div class=\"elementor-element elementor-element-048398f elementor-button-align-stretch elementor-widget elementor-widget-form\" data-id=\"048398f\" data-element_type=\"widget\" data-settings=\"{&quot;step_next_label&quot;:&quot;Successivo&quot;,&quot;step_previous_label&quot;:&quot;Precedente&quot;,&quot;button_width&quot;:&quot;100&quot;,&quot;step_type&quot;:&quot;number_text&quot;,&quot;step_icon_shape&quot;:&quot;circle&quot;}\" data-widget_type=\"form.default\">\n\t\t\t\t<div class=\"elementor-widget-container\">\n\t\t\t\t\t\t\t<form class=\"elementor-form\" method=\"post\" name=\"Contatti\" aria-label=\"Contatti\">\n\t\t\t<input type=\"hidden\" name=\"post_id\" value=\"7474\"\/>\n\t\t\t<input type=\"hidden\" name=\"form_id\" value=\"048398f\"\/>\n\t\t\t<input type=\"hidden\" name=\"referer_title\" value=\"Contactos, Media Kit y colaboraciones con Check-in Blog\" \/>\n\n\t\t\t\t\t\t\t<input type=\"hidden\" name=\"queried_id\" value=\"7474\"\/>\n\t\t\t\n\t\t\t<div class=\"elementor-form-fields-wrapper elementor-labels-above\">\n\t\t\t\t\t\t\t\t<div class=\"elementor-field-type-text elementor-field-group elementor-column elementor-field-group-name elementor-col-100\">\n\t\t\t\t\t\t\t\t\t\t\t\t<label for=\"form-field-name\" class=\"elementor-field-label\">\n\t\t\t\t\t\t\t\tNombre\t\t\t\t\t\t\t<\/label>\n\t\t\t\t\t\t\t\t\t\t\t\t\t\t<input size=\"1\" type=\"text\" name=\"form_fields[name]\" id=\"form-field-name\" class=\"elementor-field elementor-size-sm  elementor-field-textual\" placeholder=\"Tu nombre...\">\n\t\t\t\t\t\t\t\t\t\t\t<\/div>\n\t\t\t\t\t\t\t\t<div class=\"elementor-field-type-email elementor-field-group elementor-column elementor-field-group-email elementor-col-100 elementor-field-required\">\n\t\t\t\t\t\t\t\t\t\t\t\t<label for=\"form-field-email\" class=\"elementor-field-label\">\n\t\t\t\t\t\t\t\tCorreo electr\u00f3nico\t\t\t\t\t\t\t<\/label>\n\t\t\t\t\t\t\t\t\t\t\t\t\t\t<input size=\"1\" type=\"email\" name=\"form_fields[email]\" id=\"form-field-email\" class=\"elementor-field elementor-size-sm  elementor-field-textual\" placeholder=\"Tu correo electr\u00f3nico...\" required=\"required\">\n\t\t\t\t\t\t\t\t\t\t\t<\/div>\n\t\t\t\t\t\t\t\t<div class=\"elementor-field-type-textarea elementor-field-group elementor-column elementor-field-group-message elementor-col-100\">\n\t\t\t\t\t\t\t\t\t\t\t\t<label for=\"form-field-message\" class=\"elementor-field-label\">\n\t\t\t\t\t\t\t\tMensaje\t\t\t\t\t\t\t<\/label>\n\t\t\t\t\t\t<textarea class=\"elementor-field-textual elementor-field  elementor-size-sm\" name=\"form_fields[message]\" id=\"form-field-message\" rows=\"4\"><\/textarea>\t\t\t\t<\/div>\n\t\t\t\t\t\t\t\t<div class=\"elementor-field-type-acceptance elementor-field-group elementor-column elementor-field-group-field_639a41b elementor-col-100 elementor-field-required\">\n\t\t\t\t\t\t\t<div class=\"elementor-field-subgroup\">\n\t\t\t<span class=\"elementor-field-option\">\n\t\t\t\t<input type=\"checkbox\" name=\"form_fields[field_639a41b]\" id=\"form-field-field_639a41b\" class=\"elementor-field elementor-size-sm  elementor-acceptance-field\" required=\"required\">\n\t\t\t\t<label for=\"form-field-field_639a41b\">Accetto il trattamento dati e la privacy policy.<\/label>\t\t\t<\/span>\n\t\t<\/div>\n\t\t\t\t\t\t<\/div>\n\t\t\t\t\t\t\t\t<div class=\"elementor-field-group elementor-column elementor-field-type-submit elementor-col-100 e-form__buttons\">\n\t\t\t\t\t<button class=\"elementor-button elementor-size-sm\" type=\"submit\">\n\t\t\t\t\t\t<span class=\"elementor-button-content-wrapper\">\n\t\t\t\t\t\t\t\t\t\t\t\t\t\t\t\t\t\t\t\t\t\t<span class=\"elementor-button-text\">Enviar<\/span>\n\t\t\t\t\t\t\t\t\t\t\t\t\t<\/span>\n\t\t\t\t\t<\/button>\n\t\t\t\t<\/div>\n\t\t\t<\/div>\n\t\t<\/form>\n\t\t\t\t\t\t<\/div>\n\t\t\t\t<\/div>\n\t\t\t\t\t<\/div>\n\t\t<\/div>\n\t\t\t\t\t<\/div>\n\t\t<\/section>\n\t\t\t\t<\/div>\n\t\t","protected":false},"excerpt":{"rendered":"<p>Aqu\u00ed es posible descargar el Media en espa\u00f1ol, todas las estad\u00edsticas son actualizadas cada 6 meses. Desde el 30 diciembre 2015 existe la empresa individual \u00abCheck-in di Stefano Bagnasco\u00bb registrada con\u00a0 NIF IT 02492990060. \u00a0 \u00a0 Colaborar conmigo Mi objetivo es promocionar los destinos tur\u00edsticos a trav\u00e9s de las redes sociales y del blog. Por [&hellip;]<\/p>\n","protected":false},"author":1,"featured_media":0,"parent":0,"menu_order":5,"comment_status":"open","ping_status":"closed","template":"","meta":{"_acf_changed":false,"_monsterinsights_skip_tracking":false,"_monsterinsights_sitenote_active":false,"_monsterinsights_sitenote_note":"","_monsterinsights_sitenote_category":0,"footnotes":""},"class_list":["post-7474","page","type-page","status-publish","hentry"],"acf":[],"yoast_head":"<!-- This site is optimized with the Yoast SEO plugin v26.7 - https:\/\/yoast.com\/wordpress\/plugins\/seo\/ -->\n<title>Contactos, Media Kit y colaboraciones con Check-in Blog<\/title>\n<meta name=\"description\" content=\"Todos los contactos \u00fatiles para seguirme en las redes sociales y colaborar conmigo. Es posible descargar mi Media Kit, actualizado cada 90 d\u00edas.\" \/>\n<meta name=\"robots\" content=\"index, follow, max-snippet:-1, max-image-preview:large, max-video-preview:-1\" \/>\n<link rel=\"canonical\" href=\"https:\/\/checkinblog.it\/es\/contactos\/\" \/>\n<meta property=\"og:locale\" content=\"es_ES\" \/>\n<meta property=\"og:type\" content=\"article\" \/>\n<meta property=\"og:title\" content=\"Contactos, Media Kit y colaboraciones con Check-in Blog\" \/>\n<meta property=\"og:description\" content=\"Todos los contactos \u00fatiles para seguirme en las redes sociales y colaborar conmigo. Es posible descargar mi Media Kit, actualizado cada 90 d\u00edas.\" \/>\n<meta property=\"og:url\" content=\"https:\/\/checkinblog.it\/es\/contactos\/\" \/>\n<meta property=\"og:site_name\" content=\"CheckinBlog - Travel Blog\" \/>\n<meta property=\"article:publisher\" content=\"https:\/\/www.facebook.com\/checkinblog?ref=hl\" \/>\n<meta property=\"article:modified_time\" content=\"2020-09-04T12:33:31+00:00\" \/>\n<meta property=\"og:image\" content=\"https:\/\/checkinblog.it\/wp-content\/uploads\/2014\/12\/Check-in_Logoweb1.jpg\" \/>\n<meta name=\"twitter:card\" content=\"summary_large_image\" \/>\n<meta name=\"twitter:site\" content=\"@Checkin_blog\" \/>\n<script type=\"application\/ld+json\" class=\"yoast-schema-graph\">{\"@context\":\"https:\/\/schema.org\",\"@graph\":[{\"@type\":\"WebPage\",\"@id\":\"https:\/\/checkinblog.it\/es\/contactos\/\",\"url\":\"https:\/\/checkinblog.it\/es\/contactos\/\",\"name\":\"Contactos, Media Kit y colaboraciones con Check-in Blog\",\"isPartOf\":{\"@id\":\"https:\/\/checkinblog.it\/es\/#website\"},\"primaryImageOfPage\":{\"@id\":\"https:\/\/checkinblog.it\/es\/contactos\/#primaryimage\"},\"image\":{\"@id\":\"https:\/\/checkinblog.it\/es\/contactos\/#primaryimage\"},\"thumbnailUrl\":\"https:\/\/checkinblog.it\/wp-content\/uploads\/2014\/12\/Check-in_Logoweb1.jpg\",\"datePublished\":\"2014-12-27T15:24:50+00:00\",\"dateModified\":\"2020-09-04T12:33:31+00:00\",\"description\":\"Todos los contactos \u00fatiles para seguirme en las redes sociales y colaborar conmigo. Es posible descargar mi Media Kit, actualizado cada 90 d\u00edas.\",\"breadcrumb\":{\"@id\":\"https:\/\/checkinblog.it\/es\/contactos\/#breadcrumb\"},\"inLanguage\":\"es\",\"potentialAction\":[{\"@type\":\"ReadAction\",\"target\":[\"https:\/\/checkinblog.it\/es\/contactos\/\"]}]},{\"@type\":\"ImageObject\",\"inLanguage\":\"es\",\"@id\":\"https:\/\/checkinblog.it\/es\/contactos\/#primaryimage\",\"url\":\"https:\/\/checkinblog.it\/wp-content\/uploads\/2014\/12\/Check-in_Logoweb1.jpg\",\"contentUrl\":\"https:\/\/checkinblog.it\/wp-content\/uploads\/2014\/12\/Check-in_Logoweb1.jpg\"},{\"@type\":\"BreadcrumbList\",\"@id\":\"https:\/\/checkinblog.it\/es\/contactos\/#breadcrumb\",\"itemListElement\":[{\"@type\":\"ListItem\",\"position\":1,\"name\":\"Home\",\"item\":\"https:\/\/checkinblog.it\/es\/\"},{\"@type\":\"ListItem\",\"position\":2,\"name\":\"Contactos, Media Kit y colaboraciones\"}]},{\"@type\":\"WebSite\",\"@id\":\"https:\/\/checkinblog.it\/es\/#website\",\"url\":\"https:\/\/checkinblog.it\/es\/\",\"name\":\"CheckinBlog - Travel Blog\",\"description\":\"Travel blogger. Itinerari e consigli di viaggio su Scozia, Spagna e Liguria.\",\"publisher\":{\"@id\":\"https:\/\/checkinblog.it\/es\/#organization\"},\"potentialAction\":[{\"@type\":\"SearchAction\",\"target\":{\"@type\":\"EntryPoint\",\"urlTemplate\":\"https:\/\/checkinblog.it\/es\/?s={search_term_string}\"},\"query-input\":{\"@type\":\"PropertyValueSpecification\",\"valueRequired\":true,\"valueName\":\"search_term_string\"}}],\"inLanguage\":\"es\"},{\"@type\":\"Organization\",\"@id\":\"https:\/\/checkinblog.it\/es\/#organization\",\"name\":\"CheckinBlog - Travel Blog\",\"url\":\"https:\/\/checkinblog.it\/es\/\",\"logo\":{\"@type\":\"ImageObject\",\"inLanguage\":\"es\",\"@id\":\"https:\/\/checkinblog.it\/es\/#\/schema\/logo\/image\/\",\"url\":\"https:\/\/checkinblog.it\/wp-content\/uploads\/2020\/04\/cropped-Schermata-2020-04-10-alle-10.17.12-1.png\",\"contentUrl\":\"https:\/\/checkinblog.it\/wp-content\/uploads\/2020\/04\/cropped-Schermata-2020-04-10-alle-10.17.12-1.png\",\"width\":879,\"height\":251,\"caption\":\"CheckinBlog - Travel Blog\"},\"image\":{\"@id\":\"https:\/\/checkinblog.it\/es\/#\/schema\/logo\/image\/\"},\"sameAs\":[\"https:\/\/www.facebook.com\/checkinblog?ref=hl\",\"https:\/\/x.com\/Checkin_blog\"]}]}<\/script>\n<!-- \/ Yoast SEO plugin. -->","yoast_head_json":{"title":"Contactos, Media Kit y colaboraciones con Check-in Blog","description":"Todos los contactos \u00fatiles para seguirme en las redes sociales y colaborar conmigo. Es posible descargar mi Media Kit, actualizado cada 90 d\u00edas.","robots":{"index":"index","follow":"follow","max-snippet":"max-snippet:-1","max-image-preview":"max-image-preview:large","max-video-preview":"max-video-preview:-1"},"canonical":"https:\/\/checkinblog.it\/es\/contactos\/","og_locale":"es_ES","og_type":"article","og_title":"Contactos, Media Kit y colaboraciones con Check-in Blog","og_description":"Todos los contactos \u00fatiles para seguirme en las redes sociales y colaborar conmigo. Es posible descargar mi Media Kit, actualizado cada 90 d\u00edas.","og_url":"https:\/\/checkinblog.it\/es\/contactos\/","og_site_name":"CheckinBlog - Travel Blog","article_publisher":"https:\/\/www.facebook.com\/checkinblog?ref=hl","article_modified_time":"2020-09-04T12:33:31+00:00","og_image":[{"url":"https:\/\/checkinblog.it\/wp-content\/uploads\/2014\/12\/Check-in_Logoweb1.jpg","type":"","width":"","height":""}],"twitter_card":"summary_large_image","twitter_site":"@Checkin_blog","schema":{"@context":"https:\/\/schema.org","@graph":[{"@type":"WebPage","@id":"https:\/\/checkinblog.it\/es\/contactos\/","url":"https:\/\/checkinblog.it\/es\/contactos\/","name":"Contactos, Media Kit y colaboraciones con Check-in Blog","isPartOf":{"@id":"https:\/\/checkinblog.it\/es\/#website"},"primaryImageOfPage":{"@id":"https:\/\/checkinblog.it\/es\/contactos\/#primaryimage"},"image":{"@id":"https:\/\/checkinblog.it\/es\/contactos\/#primaryimage"},"thumbnailUrl":"https:\/\/checkinblog.it\/wp-content\/uploads\/2014\/12\/Check-in_Logoweb1.jpg","datePublished":"2014-12-27T15:24:50+00:00","dateModified":"2020-09-04T12:33:31+00:00","description":"Todos los contactos \u00fatiles para seguirme en las redes sociales y colaborar conmigo. Es posible descargar mi Media Kit, actualizado cada 90 d\u00edas.","breadcrumb":{"@id":"https:\/\/checkinblog.it\/es\/contactos\/#breadcrumb"},"inLanguage":"es","potentialAction":[{"@type":"ReadAction","target":["https:\/\/checkinblog.it\/es\/contactos\/"]}]},{"@type":"ImageObject","inLanguage":"es","@id":"https:\/\/checkinblog.it\/es\/contactos\/#primaryimage","url":"https:\/\/checkinblog.it\/wp-content\/uploads\/2014\/12\/Check-in_Logoweb1.jpg","contentUrl":"https:\/\/checkinblog.it\/wp-content\/uploads\/2014\/12\/Check-in_Logoweb1.jpg"},{"@type":"BreadcrumbList","@id":"https:\/\/checkinblog.it\/es\/contactos\/#breadcrumb","itemListElement":[{"@type":"ListItem","position":1,"name":"Home","item":"https:\/\/checkinblog.it\/es\/"},{"@type":"ListItem","position":2,"name":"Contactos, Media Kit y colaboraciones"}]},{"@type":"WebSite","@id":"https:\/\/checkinblog.it\/es\/#website","url":"https:\/\/checkinblog.it\/es\/","name":"CheckinBlog - Travel Blog","description":"Travel blogger. Itinerari e consigli di viaggio su Scozia, Spagna e Liguria.","publisher":{"@id":"https:\/\/checkinblog.it\/es\/#organization"},"potentialAction":[{"@type":"SearchAction","target":{"@type":"EntryPoint","urlTemplate":"https:\/\/checkinblog.it\/es\/?s={search_term_string}"},"query-input":{"@type":"PropertyValueSpecification","valueRequired":true,"valueName":"search_term_string"}}],"inLanguage":"es"},{"@type":"Organization","@id":"https:\/\/checkinblog.it\/es\/#organization","name":"CheckinBlog - Travel Blog","url":"https:\/\/checkinblog.it\/es\/","logo":{"@type":"ImageObject","inLanguage":"es","@id":"https:\/\/checkinblog.it\/es\/#\/schema\/logo\/image\/","url":"https:\/\/checkinblog.it\/wp-content\/uploads\/2020\/04\/cropped-Schermata-2020-04-10-alle-10.17.12-1.png","contentUrl":"https:\/\/checkinblog.it\/wp-content\/uploads\/2020\/04\/cropped-Schermata-2020-04-10-alle-10.17.12-1.png","width":879,"height":251,"caption":"CheckinBlog - Travel Blog"},"image":{"@id":"https:\/\/checkinblog.it\/es\/#\/schema\/logo\/image\/"},"sameAs":["https:\/\/www.facebook.com\/checkinblog?ref=hl","https:\/\/x.com\/Checkin_blog"]}]}},"_links":{"self":[{"href":"https:\/\/checkinblog.it\/es\/wp-json\/wp\/v2\/pages\/7474","targetHints":{"allow":["GET"]}}],"collection":[{"href":"https:\/\/checkinblog.it\/es\/wp-json\/wp\/v2\/pages"}],"about":[{"href":"https:\/\/checkinblog.it\/es\/wp-json\/wp\/v2\/types\/page"}],"author":[{"embeddable":true,"href":"https:\/\/checkinblog.it\/es\/wp-json\/wp\/v2\/users\/1"}],"replies":[{"embeddable":true,"href":"https:\/\/checkinblog.it\/es\/wp-json\/wp\/v2\/comments?post=7474"}],"version-history":[{"count":17,"href":"https:\/\/checkinblog.it\/es\/wp-json\/wp\/v2\/pages\/7474\/revisions"}],"predecessor-version":[{"id":20866,"href":"https:\/\/checkinblog.it\/es\/wp-json\/wp\/v2\/pages\/7474\/revisions\/20866"}],"wp:attachment":[{"href":"https:\/\/checkinblog.it\/es\/wp-json\/wp\/v2\/media?parent=7474"}],"curies":[{"name":"wp","href":"https:\/\/api.w.org\/{rel}","templated":true}]}}