{"id":5333,"date":"2016-08-26T16:26:08","date_gmt":"2016-08-26T14:26:08","guid":{"rendered":"https:\/\/checkinblog.it\/es\/?page_id=5333"},"modified":"2016-08-26T17:00:26","modified_gmt":"2016-08-26T15:00:26","slug":"quien-soy","status":"publish","type":"page","link":"https:\/\/checkinblog.it\/es\/quien-soy\/","title":{"rendered":"Quien soy"},"content":{"rendered":"<p><a href=\"https:\/\/checkinblog.it\/wp-content\/uploads\/2014\/12\/ste-teide.jpg\"><img fetchpriority=\"high\" decoding=\"async\" class=\"aligncenter size-full wp-image-2929\" src=\"https:\/\/checkinblog.it\/wp-content\/uploads\/2014\/12\/ste-teide.jpg\" alt=\"Stefano, ossia io, davanti al Teide a Tenerife\" width=\"1200\" height=\"900\" srcset=\"https:\/\/checkinblog.it\/wp-content\/uploads\/2014\/12\/ste-teide.jpg 1200w, https:\/\/checkinblog.it\/wp-content\/uploads\/2014\/12\/ste-teide-300x225.jpg 300w, https:\/\/checkinblog.it\/wp-content\/uploads\/2014\/12\/ste-teide-1024x768.jpg 1024w, https:\/\/checkinblog.it\/wp-content\/uploads\/2014\/12\/ste-teide-150x113.jpg 150w\" sizes=\"(max-width: 1200px) 100vw, 1200px\" \/><\/a><\/p>\n<p>Mi nombre es Stefano, soy un viajero italiano que ama definirse \u00ab<strong>con un pie en Italia y otro en el mundo<\/strong>\u00ab.<\/p>\n<p>He estudiado gr\u00e1fica en Mil\u00e1n y filosof\u00eda en G\u00e9nova. Luego he venido a Madrid para aprender el idioma y hacer un m\u00e1ster en Digital Marketing. De todo eso, lo que m\u00e1s me gusta es poder aplicar a mi blog y mis p\u00e1ginas en las redes sociales todo lo que he aprendido.<\/p>\n<p><em>Aqu\u00ed, en mi blog \u00ab<strong>Check-in<\/strong>\u00bb hablo de mi dos grandes intereses: <strong>volar <\/strong>y <strong>viajar<\/strong>.<\/em><\/p>\n<p>Desde hace 2 a\u00f1os <strong>viajo solo<\/strong>, sobre todo <strong>hacia<\/strong> pa\u00eds como <strong>Espa\u00f1a y Escocia<\/strong>. Adem\u00e1s, me encanta volar y todo lo que se refiere a este sector. Eso explica la raz\u00f3n del nombre <em>Check-<\/em><em>in<\/em>, algo muy familiar para quien viaje mucho en avi\u00f3n. El t\u00e9rmino tambi\u00e9n significa \u00abregistrarse\u00bb y as\u00ed he pensado en utilizar un <em>hashtag <\/em>con\u00a0<strong>#checkin<\/strong>(&#8230;) que re\u00fana art\u00edculos, videos y fotos relacionado con un destino. Por ejemplo pod\u00e9is digitar <strong>#checkinScozia<\/strong>, <strong>#checkinMadrid<\/strong>, <strong>#checkinCostaBrava<\/strong> y <strong>#checkinSaragozza <\/strong>en Facebook, Twitter y Google+ y ver\u00e9is lo que sale \ud83d\ude09<\/p>\n<h2 style=\"text-align: left;\"><\/h2>\n<h2 style=\"text-align: left;\"><span style=\"color: #000080;\">Qu\u00e9 ver en Escocia, Espa\u00f1a y Liguria<\/span><\/h2>\n<p>Los destinos m\u00e1s frecuentes son Escocia, Espa\u00f1a y Liguria (regi\u00f3n italiana) y se realizan <strong>itinerarios de viaje movendose \u00fanicamente en transporte p\u00fablico<\/strong>, autob\u00fas y tren. Eso porque me gusta mezclarme con la gente local y conocer un poco de sus costumbres.<\/p>\n<p>El objetivo es <strong>descubrir y \u00abpromocionar\u00bb lugares que todav\u00eda no est\u00e1n tan conocidos por los tur\u00edstas italianos<\/strong> como otros m\u00e1s visitados.<\/p>\n<p>&nbsp;<\/p>\n<h2><span style=\"color: #000080;\">Asociado de AITB &#8211; Associazione Italiana Travel Blogger<\/span><\/h2>\n<p>Desde el septiembre 2015 estoy asociado a\u00a0<a href=\"http:\/\/travelbloggeritalia.it\/blogger\/stefano-bagnasco\/\" target=\"_blank\"><strong>AITB<\/strong> &#8211; <strong>Associazione Italiana Travel Blogger <\/strong><\/a>(Asociaci\u00f3n Italiana de Blogueros de viaje). El sentido es trabajar junto <strong>para que el \u00abbloguero de viaje\u00bb llegue a ser reconocido como una profesi\u00f3n<\/strong>. Eso lo se est\u00e1 intentando hacer gracias a un <strong>c\u00f3digo \u00e9tico<\/strong> en lo cual se reflejan algunos principios imprescindibles relacionado a la actividad diaria de cada bloguero:<\/p>\n<ul>\n<li><strong>independencia<\/strong>;<\/li>\n<li><strong>responsabilidad<\/strong>;<\/li>\n<li><strong>respeto<\/strong>;<\/li>\n<li><strong>honestidad<\/strong> y <strong>exactitud<\/strong>.<\/li>\n<\/ul>\n<p><span style=\"font-size: 12pt;\"><a href=\"http:\/\/travelbloggeritalia.it\/\"><img decoding=\"async\" class=\"aligncenter size-full wp-image-3669 lazyload\" data-src=\"https:\/\/checkinblog.it\/wp-content\/uploads\/2014\/12\/chi-sono-AITB-associate.jpg\" alt=\"Iscritto all'Associazione Italiana Travel Blogger\" width=\"842\" height=\"595\" src=\"data:image\/svg+xml;base64,PHN2ZyB3aWR0aD0iMSIgaGVpZ2h0PSIxIiB4bWxucz0iaHR0cDovL3d3dy53My5vcmcvMjAwMC9zdmciPjwvc3ZnPg==\" style=\"--smush-placeholder-width: 842px; --smush-placeholder-aspect-ratio: 842\/595;\" \/><\/a><\/span><\/p>\n","protected":false},"excerpt":{"rendered":"<p>Mi nombre es Stefano, soy un viajero italiano que ama definirse \u00abcon un pie en Italia y otro en el mundo\u00ab. He estudiado gr\u00e1fica en Mil\u00e1n y filosof\u00eda en G\u00e9nova. Luego he venido a Madrid para aprender el idioma y hacer un m\u00e1ster en Digital Marketing. De todo eso, lo que m\u00e1s me gusta es [&hellip;]<\/p>\n","protected":false},"author":6,"featured_media":0,"parent":0,"menu_order":6,"comment_status":"open","ping_status":"closed","template":"","meta":{"_acf_changed":false,"_monsterinsights_skip_tracking":false,"_monsterinsights_sitenote_active":false,"_monsterinsights_sitenote_note":"","_monsterinsights_sitenote_category":0,"footnotes":""},"class_list":["post-5333","page","type-page","status-publish","hentry"],"acf":[],"yoast_head":"<!-- This site is optimized with the Yoast SEO plugin v26.7 - https:\/\/yoast.com\/wordpress\/plugins\/seo\/ -->\n<title>Quien Soy. Conoc\u00e9is a Stefano, bloguero de viaje de &quot;Check-in&quot;<\/title>\n<meta name=\"description\" content=\"Quien es Stefano, bloguero de viaje italiano especializado en Espa\u00f1a, Escocia y Liguria. Entr\u00e1is para conocer a \u00e9l y su blog &quot;Check-in&quot;.\" \/>\n<meta name=\"robots\" content=\"index, follow, max-snippet:-1, max-image-preview:large, max-video-preview:-1\" \/>\n<link rel=\"canonical\" href=\"https:\/\/checkinblog.it\/es\/quien-soy\/\" \/>\n<meta property=\"og:locale\" content=\"es_ES\" \/>\n<meta property=\"og:type\" content=\"article\" \/>\n<meta property=\"og:title\" content=\"Quien Soy. Conoc\u00e9is a Stefano, bloguero de viaje de &quot;Check-in&quot;\" \/>\n<meta property=\"og:description\" content=\"Quien es Stefano, bloguero de viaje italiano especializado en Espa\u00f1a, Escocia y Liguria. Entr\u00e1is para conocer a \u00e9l y su blog &quot;Check-in&quot;.\" \/>\n<meta property=\"og:url\" content=\"https:\/\/checkinblog.it\/es\/quien-soy\/\" \/>\n<meta property=\"og:site_name\" content=\"CheckinBlog - Travel Blog\" \/>\n<meta property=\"article:publisher\" content=\"https:\/\/www.facebook.com\/checkinblog?ref=hl\" \/>\n<meta property=\"article:modified_time\" content=\"2016-08-26T15:00:26+00:00\" \/>\n<meta property=\"og:image\" content=\"https:\/\/checkinblog.it\/wp-content\/uploads\/2014\/12\/ste-teide.jpg\" \/>\n<meta name=\"twitter:card\" content=\"summary_large_image\" \/>\n<meta name=\"twitter:site\" content=\"@Checkin_blog\" \/>\n<meta name=\"twitter:label1\" content=\"Tiempo de lectura\" \/>\n\t<meta name=\"twitter:data1\" content=\"2 minutos\" \/>\n<script type=\"application\/ld+json\" class=\"yoast-schema-graph\">{\"@context\":\"https:\/\/schema.org\",\"@graph\":[{\"@type\":\"WebPage\",\"@id\":\"https:\/\/checkinblog.it\/es\/quien-soy\/\",\"url\":\"https:\/\/checkinblog.it\/es\/quien-soy\/\",\"name\":\"Quien Soy. Conoc\u00e9is a Stefano, bloguero de viaje de \\\"Check-in\\\"\",\"isPartOf\":{\"@id\":\"https:\/\/checkinblog.it\/es\/#website\"},\"primaryImageOfPage\":{\"@id\":\"https:\/\/checkinblog.it\/es\/quien-soy\/#primaryimage\"},\"image\":{\"@id\":\"https:\/\/checkinblog.it\/es\/quien-soy\/#primaryimage\"},\"thumbnailUrl\":\"https:\/\/checkinblog.it\/wp-content\/uploads\/2014\/12\/ste-teide.jpg\",\"datePublished\":\"2016-08-26T14:26:08+00:00\",\"dateModified\":\"2016-08-26T15:00:26+00:00\",\"description\":\"Quien es Stefano, bloguero de viaje italiano especializado en Espa\u00f1a, Escocia y Liguria. Entr\u00e1is para conocer a \u00e9l y su blog \\\"Check-in\\\".\",\"breadcrumb\":{\"@id\":\"https:\/\/checkinblog.it\/es\/quien-soy\/#breadcrumb\"},\"inLanguage\":\"es\",\"potentialAction\":[{\"@type\":\"ReadAction\",\"target\":[\"https:\/\/checkinblog.it\/es\/quien-soy\/\"]}]},{\"@type\":\"ImageObject\",\"inLanguage\":\"es\",\"@id\":\"https:\/\/checkinblog.it\/es\/quien-soy\/#primaryimage\",\"url\":\"https:\/\/checkinblog.it\/wp-content\/uploads\/2014\/12\/ste-teide.jpg\",\"contentUrl\":\"https:\/\/checkinblog.it\/wp-content\/uploads\/2014\/12\/ste-teide.jpg\"},{\"@type\":\"BreadcrumbList\",\"@id\":\"https:\/\/checkinblog.it\/es\/quien-soy\/#breadcrumb\",\"itemListElement\":[{\"@type\":\"ListItem\",\"position\":1,\"name\":\"Home\",\"item\":\"https:\/\/checkinblog.it\/es\/\"},{\"@type\":\"ListItem\",\"position\":2,\"name\":\"Quien soy\"}]},{\"@type\":\"WebSite\",\"@id\":\"https:\/\/checkinblog.it\/es\/#website\",\"url\":\"https:\/\/checkinblog.it\/es\/\",\"name\":\"CheckinBlog - Travel Blog\",\"description\":\"Travel blogger. Itinerari e consigli di viaggio su Scozia, Spagna e Liguria.\",\"publisher\":{\"@id\":\"https:\/\/checkinblog.it\/es\/#organization\"},\"potentialAction\":[{\"@type\":\"SearchAction\",\"target\":{\"@type\":\"EntryPoint\",\"urlTemplate\":\"https:\/\/checkinblog.it\/es\/?s={search_term_string}\"},\"query-input\":{\"@type\":\"PropertyValueSpecification\",\"valueRequired\":true,\"valueName\":\"search_term_string\"}}],\"inLanguage\":\"es\"},{\"@type\":\"Organization\",\"@id\":\"https:\/\/checkinblog.it\/es\/#organization\",\"name\":\"CheckinBlog - Travel Blog\",\"url\":\"https:\/\/checkinblog.it\/es\/\",\"logo\":{\"@type\":\"ImageObject\",\"inLanguage\":\"es\",\"@id\":\"https:\/\/checkinblog.it\/es\/#\/schema\/logo\/image\/\",\"url\":\"https:\/\/checkinblog.it\/wp-content\/uploads\/2020\/04\/cropped-Schermata-2020-04-10-alle-10.17.12-1.png\",\"contentUrl\":\"https:\/\/checkinblog.it\/wp-content\/uploads\/2020\/04\/cropped-Schermata-2020-04-10-alle-10.17.12-1.png\",\"width\":879,\"height\":251,\"caption\":\"CheckinBlog - Travel Blog\"},\"image\":{\"@id\":\"https:\/\/checkinblog.it\/es\/#\/schema\/logo\/image\/\"},\"sameAs\":[\"https:\/\/www.facebook.com\/checkinblog?ref=hl\",\"https:\/\/x.com\/Checkin_blog\"]}]}<\/script>\n<!-- \/ Yoast SEO plugin. -->","yoast_head_json":{"title":"Quien Soy. Conoc\u00e9is a Stefano, bloguero de viaje de \"Check-in\"","description":"Quien es Stefano, bloguero de viaje italiano especializado en Espa\u00f1a, Escocia y Liguria. Entr\u00e1is para conocer a \u00e9l y su blog \"Check-in\".","robots":{"index":"index","follow":"follow","max-snippet":"max-snippet:-1","max-image-preview":"max-image-preview:large","max-video-preview":"max-video-preview:-1"},"canonical":"https:\/\/checkinblog.it\/es\/quien-soy\/","og_locale":"es_ES","og_type":"article","og_title":"Quien Soy. Conoc\u00e9is a Stefano, bloguero de viaje de \"Check-in\"","og_description":"Quien es Stefano, bloguero de viaje italiano especializado en Espa\u00f1a, Escocia y Liguria. Entr\u00e1is para conocer a \u00e9l y su blog \"Check-in\".","og_url":"https:\/\/checkinblog.it\/es\/quien-soy\/","og_site_name":"CheckinBlog - Travel Blog","article_publisher":"https:\/\/www.facebook.com\/checkinblog?ref=hl","article_modified_time":"2016-08-26T15:00:26+00:00","og_image":[{"url":"https:\/\/checkinblog.it\/wp-content\/uploads\/2014\/12\/ste-teide.jpg","type":"","width":"","height":""}],"twitter_card":"summary_large_image","twitter_site":"@Checkin_blog","twitter_misc":{"Tiempo de lectura":"2 minutos"},"schema":{"@context":"https:\/\/schema.org","@graph":[{"@type":"WebPage","@id":"https:\/\/checkinblog.it\/es\/quien-soy\/","url":"https:\/\/checkinblog.it\/es\/quien-soy\/","name":"Quien Soy. Conoc\u00e9is a Stefano, bloguero de viaje de \"Check-in\"","isPartOf":{"@id":"https:\/\/checkinblog.it\/es\/#website"},"primaryImageOfPage":{"@id":"https:\/\/checkinblog.it\/es\/quien-soy\/#primaryimage"},"image":{"@id":"https:\/\/checkinblog.it\/es\/quien-soy\/#primaryimage"},"thumbnailUrl":"https:\/\/checkinblog.it\/wp-content\/uploads\/2014\/12\/ste-teide.jpg","datePublished":"2016-08-26T14:26:08+00:00","dateModified":"2016-08-26T15:00:26+00:00","description":"Quien es Stefano, bloguero de viaje italiano especializado en Espa\u00f1a, Escocia y Liguria. Entr\u00e1is para conocer a \u00e9l y su blog \"Check-in\".","breadcrumb":{"@id":"https:\/\/checkinblog.it\/es\/quien-soy\/#breadcrumb"},"inLanguage":"es","potentialAction":[{"@type":"ReadAction","target":["https:\/\/checkinblog.it\/es\/quien-soy\/"]}]},{"@type":"ImageObject","inLanguage":"es","@id":"https:\/\/checkinblog.it\/es\/quien-soy\/#primaryimage","url":"https:\/\/checkinblog.it\/wp-content\/uploads\/2014\/12\/ste-teide.jpg","contentUrl":"https:\/\/checkinblog.it\/wp-content\/uploads\/2014\/12\/ste-teide.jpg"},{"@type":"BreadcrumbList","@id":"https:\/\/checkinblog.it\/es\/quien-soy\/#breadcrumb","itemListElement":[{"@type":"ListItem","position":1,"name":"Home","item":"https:\/\/checkinblog.it\/es\/"},{"@type":"ListItem","position":2,"name":"Quien soy"}]},{"@type":"WebSite","@id":"https:\/\/checkinblog.it\/es\/#website","url":"https:\/\/checkinblog.it\/es\/","name":"CheckinBlog - Travel Blog","description":"Travel blogger. Itinerari e consigli di viaggio su Scozia, Spagna e Liguria.","publisher":{"@id":"https:\/\/checkinblog.it\/es\/#organization"},"potentialAction":[{"@type":"SearchAction","target":{"@type":"EntryPoint","urlTemplate":"https:\/\/checkinblog.it\/es\/?s={search_term_string}"},"query-input":{"@type":"PropertyValueSpecification","valueRequired":true,"valueName":"search_term_string"}}],"inLanguage":"es"},{"@type":"Organization","@id":"https:\/\/checkinblog.it\/es\/#organization","name":"CheckinBlog - Travel Blog","url":"https:\/\/checkinblog.it\/es\/","logo":{"@type":"ImageObject","inLanguage":"es","@id":"https:\/\/checkinblog.it\/es\/#\/schema\/logo\/image\/","url":"https:\/\/checkinblog.it\/wp-content\/uploads\/2020\/04\/cropped-Schermata-2020-04-10-alle-10.17.12-1.png","contentUrl":"https:\/\/checkinblog.it\/wp-content\/uploads\/2020\/04\/cropped-Schermata-2020-04-10-alle-10.17.12-1.png","width":879,"height":251,"caption":"CheckinBlog - Travel Blog"},"image":{"@id":"https:\/\/checkinblog.it\/es\/#\/schema\/logo\/image\/"},"sameAs":["https:\/\/www.facebook.com\/checkinblog?ref=hl","https:\/\/x.com\/Checkin_blog"]}]}},"_links":{"self":[{"href":"https:\/\/checkinblog.it\/es\/wp-json\/wp\/v2\/pages\/5333","targetHints":{"allow":["GET"]}}],"collection":[{"href":"https:\/\/checkinblog.it\/es\/wp-json\/wp\/v2\/pages"}],"about":[{"href":"https:\/\/checkinblog.it\/es\/wp-json\/wp\/v2\/types\/page"}],"author":[{"embeddable":true,"href":"https:\/\/checkinblog.it\/es\/wp-json\/wp\/v2\/users\/6"}],"replies":[{"embeddable":true,"href":"https:\/\/checkinblog.it\/es\/wp-json\/wp\/v2\/comments?post=5333"}],"version-history":[{"count":6,"href":"https:\/\/checkinblog.it\/es\/wp-json\/wp\/v2\/pages\/5333\/revisions"}],"predecessor-version":[{"id":7469,"href":"https:\/\/checkinblog.it\/es\/wp-json\/wp\/v2\/pages\/5333\/revisions\/7469"}],"wp:attachment":[{"href":"https:\/\/checkinblog.it\/es\/wp-json\/wp\/v2\/media?parent=5333"}],"curies":[{"name":"wp","href":"https:\/\/api.w.org\/{rel}","templated":true}]}}