{"id":5027,"date":"2016-02-29T18:02:13","date_gmt":"2016-02-29T17:02:13","guid":{"rendered":"https:\/\/checkinblog.it\/es\/?page_id=5027"},"modified":"2016-02-29T18:06:24","modified_gmt":"2016-02-29T17:06:24","slug":"mapa-de-viaje","status":"publish","type":"page","link":"https:\/\/checkinblog.it\/es\/mapa-de-viaje\/","title":{"rendered":"Mapa-de-viaje"},"content":{"rendered":"<p><strong>Aqu\u00ed est\u00e1 nuestro mapa de viajes interactivo! Averiguar cu\u00e1les eran nuestros destinos<\/strong><\/p>\n<p>[codespacing_progress_map]<\/p>\n","protected":false},"excerpt":{"rendered":"<p>Aqu\u00ed est\u00e1 nuestro mapa de viajes interactivo! Averiguar cu\u00e1les eran nuestros destinos [codespacing_progress_map]<\/p>\n","protected":false},"author":1,"featured_media":0,"parent":0,"menu_order":0,"comment_status":"closed","ping_status":"closed","template":"","meta":{"_acf_changed":false,"_monsterinsights_skip_tracking":false,"_monsterinsights_sitenote_active":false,"_monsterinsights_sitenote_note":"","_monsterinsights_sitenote_category":0,"footnotes":""},"class_list":["post-5027","page","type-page","status-publish","hentry"],"acf":[],"yoast_head":"<!-- This site is optimized with the Yoast SEO plugin v26.7 - https:\/\/yoast.com\/wordpress\/plugins\/seo\/ -->\n<title>Mapa-de-viaje | CheckinBlog - Travel Blog<\/title>\n<meta name=\"robots\" content=\"index, follow, max-snippet:-1, max-image-preview:large, max-video-preview:-1\" \/>\n<link rel=\"canonical\" href=\"https:\/\/checkinblog.it\/es\/mapa-de-viaje\/\" \/>\n<meta property=\"og:locale\" content=\"es_ES\" \/>\n<meta property=\"og:type\" content=\"article\" \/>\n<meta property=\"og:title\" content=\"Mapa-de-viaje | CheckinBlog - Travel Blog\" \/>\n<meta property=\"og:description\" content=\"Aqu\u00ed est\u00e1 nuestro mapa de viajes interactivo! Averiguar cu\u00e1les eran nuestros destinos [codespacing_progress_map]\" \/>\n<meta property=\"og:url\" content=\"https:\/\/checkinblog.it\/es\/mapa-de-viaje\/\" \/>\n<meta property=\"og:site_name\" content=\"CheckinBlog - Travel Blog\" \/>\n<meta property=\"article:publisher\" content=\"https:\/\/www.facebook.com\/checkinblog?ref=hl\" \/>\n<meta property=\"article:modified_time\" content=\"2016-02-29T17:06:24+00:00\" \/>\n<meta property=\"og:image\" content=\"https:\/\/checkinblog.it\/wp-content\/uploads\/2014\/12\/cropped-Checkin-logo.jpg\" \/>\n\t<meta property=\"og:image:width\" content=\"2000\" \/>\n\t<meta property=\"og:image:height\" content=\"520\" \/>\n\t<meta property=\"og:image:type\" content=\"image\/jpeg\" \/>\n<meta name=\"twitter:card\" content=\"summary_large_image\" \/>\n<meta name=\"twitter:site\" content=\"@Checkin_blog\" \/>\n<script type=\"application\/ld+json\" class=\"yoast-schema-graph\">{\"@context\":\"https:\/\/schema.org\",\"@graph\":[{\"@type\":\"WebPage\",\"@id\":\"https:\/\/checkinblog.it\/es\/mapa-de-viaje\/\",\"url\":\"https:\/\/checkinblog.it\/es\/mapa-de-viaje\/\",\"name\":\"Mapa-de-viaje | CheckinBlog - Travel Blog\",\"isPartOf\":{\"@id\":\"https:\/\/checkinblog.it\/es\/#website\"},\"datePublished\":\"2016-02-29T17:02:13+00:00\",\"dateModified\":\"2016-02-29T17:06:24+00:00\",\"breadcrumb\":{\"@id\":\"https:\/\/checkinblog.it\/es\/mapa-de-viaje\/#breadcrumb\"},\"inLanguage\":\"es\",\"potentialAction\":[{\"@type\":\"ReadAction\",\"target\":[\"https:\/\/checkinblog.it\/es\/mapa-de-viaje\/\"]}]},{\"@type\":\"BreadcrumbList\",\"@id\":\"https:\/\/checkinblog.it\/es\/mapa-de-viaje\/#breadcrumb\",\"itemListElement\":[{\"@type\":\"ListItem\",\"position\":1,\"name\":\"Home\",\"item\":\"https:\/\/checkinblog.it\/es\/\"},{\"@type\":\"ListItem\",\"position\":2,\"name\":\"Mapa-de-viaje\"}]},{\"@type\":\"WebSite\",\"@id\":\"https:\/\/checkinblog.it\/es\/#website\",\"url\":\"https:\/\/checkinblog.it\/es\/\",\"name\":\"CheckinBlog - Travel Blog\",\"description\":\"Travel blogger. Itinerari e consigli di viaggio su Scozia, Spagna e Liguria.\",\"publisher\":{\"@id\":\"https:\/\/checkinblog.it\/es\/#organization\"},\"potentialAction\":[{\"@type\":\"SearchAction\",\"target\":{\"@type\":\"EntryPoint\",\"urlTemplate\":\"https:\/\/checkinblog.it\/es\/?s={search_term_string}\"},\"query-input\":{\"@type\":\"PropertyValueSpecification\",\"valueRequired\":true,\"valueName\":\"search_term_string\"}}],\"inLanguage\":\"es\"},{\"@type\":\"Organization\",\"@id\":\"https:\/\/checkinblog.it\/es\/#organization\",\"name\":\"CheckinBlog - Travel Blog\",\"url\":\"https:\/\/checkinblog.it\/es\/\",\"logo\":{\"@type\":\"ImageObject\",\"inLanguage\":\"es\",\"@id\":\"https:\/\/checkinblog.it\/es\/#\/schema\/logo\/image\/\",\"url\":\"https:\/\/checkinblog.it\/wp-content\/uploads\/2020\/04\/cropped-Schermata-2020-04-10-alle-10.17.12-1.png\",\"contentUrl\":\"https:\/\/checkinblog.it\/wp-content\/uploads\/2020\/04\/cropped-Schermata-2020-04-10-alle-10.17.12-1.png\",\"width\":879,\"height\":251,\"caption\":\"CheckinBlog - Travel Blog\"},\"image\":{\"@id\":\"https:\/\/checkinblog.it\/es\/#\/schema\/logo\/image\/\"},\"sameAs\":[\"https:\/\/www.facebook.com\/checkinblog?ref=hl\",\"https:\/\/x.com\/Checkin_blog\"]}]}<\/script>\n<!-- \/ Yoast SEO plugin. -->","yoast_head_json":{"title":"Mapa-de-viaje | CheckinBlog - Travel Blog","robots":{"index":"index","follow":"follow","max-snippet":"max-snippet:-1","max-image-preview":"max-image-preview:large","max-video-preview":"max-video-preview:-1"},"canonical":"https:\/\/checkinblog.it\/es\/mapa-de-viaje\/","og_locale":"es_ES","og_type":"article","og_title":"Mapa-de-viaje | CheckinBlog - Travel Blog","og_description":"Aqu\u00ed est\u00e1 nuestro mapa de viajes interactivo! Averiguar cu\u00e1les eran nuestros destinos [codespacing_progress_map]","og_url":"https:\/\/checkinblog.it\/es\/mapa-de-viaje\/","og_site_name":"CheckinBlog - Travel Blog","article_publisher":"https:\/\/www.facebook.com\/checkinblog?ref=hl","article_modified_time":"2016-02-29T17:06:24+00:00","og_image":[{"width":2000,"height":520,"url":"https:\/\/checkinblog.it\/wp-content\/uploads\/2014\/12\/cropped-Checkin-logo.jpg","type":"image\/jpeg"}],"twitter_card":"summary_large_image","twitter_site":"@Checkin_blog","schema":{"@context":"https:\/\/schema.org","@graph":[{"@type":"WebPage","@id":"https:\/\/checkinblog.it\/es\/mapa-de-viaje\/","url":"https:\/\/checkinblog.it\/es\/mapa-de-viaje\/","name":"Mapa-de-viaje | CheckinBlog - Travel Blog","isPartOf":{"@id":"https:\/\/checkinblog.it\/es\/#website"},"datePublished":"2016-02-29T17:02:13+00:00","dateModified":"2016-02-29T17:06:24+00:00","breadcrumb":{"@id":"https:\/\/checkinblog.it\/es\/mapa-de-viaje\/#breadcrumb"},"inLanguage":"es","potentialAction":[{"@type":"ReadAction","target":["https:\/\/checkinblog.it\/es\/mapa-de-viaje\/"]}]},{"@type":"BreadcrumbList","@id":"https:\/\/checkinblog.it\/es\/mapa-de-viaje\/#breadcrumb","itemListElement":[{"@type":"ListItem","position":1,"name":"Home","item":"https:\/\/checkinblog.it\/es\/"},{"@type":"ListItem","position":2,"name":"Mapa-de-viaje"}]},{"@type":"WebSite","@id":"https:\/\/checkinblog.it\/es\/#website","url":"https:\/\/checkinblog.it\/es\/","name":"CheckinBlog - Travel Blog","description":"Travel blogger. Itinerari e consigli di viaggio su Scozia, Spagna e Liguria.","publisher":{"@id":"https:\/\/checkinblog.it\/es\/#organization"},"potentialAction":[{"@type":"SearchAction","target":{"@type":"EntryPoint","urlTemplate":"https:\/\/checkinblog.it\/es\/?s={search_term_string}"},"query-input":{"@type":"PropertyValueSpecification","valueRequired":true,"valueName":"search_term_string"}}],"inLanguage":"es"},{"@type":"Organization","@id":"https:\/\/checkinblog.it\/es\/#organization","name":"CheckinBlog - Travel Blog","url":"https:\/\/checkinblog.it\/es\/","logo":{"@type":"ImageObject","inLanguage":"es","@id":"https:\/\/checkinblog.it\/es\/#\/schema\/logo\/image\/","url":"https:\/\/checkinblog.it\/wp-content\/uploads\/2020\/04\/cropped-Schermata-2020-04-10-alle-10.17.12-1.png","contentUrl":"https:\/\/checkinblog.it\/wp-content\/uploads\/2020\/04\/cropped-Schermata-2020-04-10-alle-10.17.12-1.png","width":879,"height":251,"caption":"CheckinBlog - Travel Blog"},"image":{"@id":"https:\/\/checkinblog.it\/es\/#\/schema\/logo\/image\/"},"sameAs":["https:\/\/www.facebook.com\/checkinblog?ref=hl","https:\/\/x.com\/Checkin_blog"]}]}},"_links":{"self":[{"href":"https:\/\/checkinblog.it\/es\/wp-json\/wp\/v2\/pages\/5027","targetHints":{"allow":["GET"]}}],"collection":[{"href":"https:\/\/checkinblog.it\/es\/wp-json\/wp\/v2\/pages"}],"about":[{"href":"https:\/\/checkinblog.it\/es\/wp-json\/wp\/v2\/types\/page"}],"author":[{"embeddable":true,"href":"https:\/\/checkinblog.it\/es\/wp-json\/wp\/v2\/users\/1"}],"replies":[{"embeddable":true,"href":"https:\/\/checkinblog.it\/es\/wp-json\/wp\/v2\/comments?post=5027"}],"version-history":[{"count":3,"href":"https:\/\/checkinblog.it\/es\/wp-json\/wp\/v2\/pages\/5027\/revisions"}],"predecessor-version":[{"id":5030,"href":"https:\/\/checkinblog.it\/es\/wp-json\/wp\/v2\/pages\/5027\/revisions\/5030"}],"wp:attachment":[{"href":"https:\/\/checkinblog.it\/es\/wp-json\/wp\/v2\/media?parent=5027"}],"curies":[{"name":"wp","href":"https:\/\/api.w.org\/{rel}","templated":true}]}}